{"id":489,"date":"2021-05-26T15:22:02","date_gmt":"2021-05-26T13:22:02","guid":{"rendered":"https:\/\/www.visiplan.de\/?page_id=489"},"modified":"2024-03-18T08:55:17","modified_gmt":"2024-03-18T07:55:17","slug":"impressum","status":"publish","type":"page","link":"https:\/\/www.visiplan.de\/en\/impressum\/","title":{"rendered":"Imprint"},"content":{"rendered":"<div data-elementor-type=\"wp-page\" data-elementor-id=\"489\" class=\"elementor elementor-489\" data-elementor-post-type=\"page\">\n\t\t\t\t\t\t<section class=\"elementor-section elementor-top-section elementor-element elementor-element-50fb8da1 elementor-section-height-min-height elementor-section-content-middle elementor-section-boxed elementor-section-height-default elementor-section-items-middle\" data-id=\"50fb8da1\" data-element_type=\"section\" data-e-type=\"section\" data-settings=\"{&quot;background_background&quot;:&quot;classic&quot;}\">\n\t\t\t\t\t\t\t<div class=\"elementor-background-overlay\"><\/div>\n\t\t\t\t\t\t\t<div class=\"elementor-container elementor-column-gap-no\">\n\t\t\t\t\t<div class=\"elementor-column elementor-col-100 elementor-top-column elementor-element elementor-element-e72f5b4\" data-id=\"e72f5b4\" data-element_type=\"column\" data-e-type=\"column\">\n\t\t\t<div class=\"elementor-widget-wrap\">\n\t\t\t\t\t\t\t<\/div>\n\t\t<\/div>\n\t\t\t\t\t<\/div>\n\t\t<\/section>\n\t\t\t\t<section class=\"elementor-section elementor-top-section elementor-element elementor-element-778ca04 elementor-section-boxed elementor-section-height-default elementor-section-height-default\" data-id=\"778ca04\" data-element_type=\"section\" data-e-type=\"section\" data-settings=\"{&quot;background_background&quot;:&quot;classic&quot;}\">\n\t\t\t\t\t\t<div class=\"elementor-container elementor-column-gap-default\">\n\t\t\t\t\t<div class=\"elementor-column elementor-col-100 elementor-top-column elementor-element elementor-element-75d2784\" data-id=\"75d2784\" data-element_type=\"column\" data-e-type=\"column\">\n\t\t\t<div class=\"elementor-widget-wrap elementor-element-populated\">\n\t\t\t\t\t\t<div class=\"elementor-element elementor-element-a537820 elementor-widget elementor-widget-heading\" data-id=\"a537820\" data-element_type=\"widget\" data-e-type=\"widget\" data-widget_type=\"heading.default\">\n\t\t\t\t<div class=\"elementor-widget-container\">\n\t\t\t\t\t<h1 class=\"elementor-heading-title elementor-size-default\">Imprint<\/h1>\t\t\t\t<\/div>\n\t\t\t\t<\/div>\n\t\t\t\t<div class=\"elementor-element elementor-element-b355718 elementor-widget elementor-widget-text-editor\" data-id=\"b355718\" data-element_type=\"widget\" data-e-type=\"widget\" data-widget_type=\"text-editor.default\">\n\t\t\t\t<div class=\"elementor-widget-container\">\n\t\t\t\t\t\t\t\t\t<h4>Angaben gem\u00e4\u00df \u00a7 5 TMG<\/h4><p><strong>VisiTrans GmbH<\/strong><br \/>Am Technologiepark 20<br \/>32100 Paderborn<\/p><p>Handelsregister: HRB 16125<br \/>Registergericht: Amtsgericht Paderborn<\/p><p><strong>Vertreten durch:<\/strong><br \/>Ralf Niemeier<\/p><h4>Contact<\/h4><p>Telefon: +49 (0) 30 577143890<br \/>E-Mail: info@visitrans.de<\/p><h4>Umsatzsteuer-ID<\/h4><p>Umsatzsteuer-Identifikationsnummer gem\u00e4\u00df \u00a7 27 a Umsatzsteuergesetz:<br \/>DE361910949<\/p><h4>EU-Streitschlichtung<\/h4><p>Die Europ\u00e4ische Kommission stellt eine Plattform zur Online-Streitbeilegung (OS) bereit: <a href=\"https:\/\/ec.europa.eu\/consumers\/odr\/\" target=\"_blank\" rel=\"noopener noreferrer\">https:\/\/ec.europa.eu\/consumers\/odr\/<\/a>.<br \/>Unsere E-Mail-Adresse finden Sie oben im Impressum.<\/p><h4>Verbraucher\u00adstreit\u00adbeilegung\/Universal\u00adschlichtungs\u00adstelle<\/h4><p>Wir sind nicht bereit oder verpflichtet, an Streitbeilegungsverfahren vor einer Verbraucherschlichtungsstelle teilzunehmen.<\/p>\t\t\t\t\t\t\t\t<\/div>\n\t\t\t\t<\/div>\n\t\t\t\t\t<\/div>\n\t\t<\/div>\n\t\t\t\t\t<\/div>\n\t\t<\/section>\n\t\t\t\t<\/div>","protected":false},"excerpt":{"rendered":"<p>Impressum Angaben gem\u00e4\u00df \u00a7 5 TMG VisiTrans GmbHAm Technologiepark 2032100 Paderborn Handelsregister: HRB 16125Registergericht: Amtsgericht Paderborn Vertreten durch:Ralf Niemeier Kontakt Telefon: +49 (0) 30 577143890E-Mail: info@visitrans.de Umsatzsteuer-ID Umsatzsteuer-Identifikationsnummer gem\u00e4\u00df \u00a7 27 a Umsatzsteuergesetz:DE361910949 EU-Streitschlichtung Die Europ\u00e4ische Kommission stellt eine Plattform zur Online-Streitbeilegung (OS) bereit: https:\/\/ec.europa.eu\/consumers\/odr\/.Unsere E-Mail-Adresse finden Sie oben im Impressum. Verbraucher\u00adstreit\u00adbeilegung\/Universal\u00adschlichtungs\u00adstelle Wir sind nicht [&hellip;]<\/p>","protected":false},"author":1,"featured_media":0,"parent":0,"menu_order":90,"comment_status":"closed","ping_status":"closed","template":"elementor_header_footer","meta":{"footnotes":""},"class_list":["post-489","page","type-page","status-publish","hentry"],"yoast_head":"<!-- This site is optimized with the Yoast SEO plugin v27.3 - https:\/\/yoast.com\/product\/yoast-seo-wordpress\/ -->\n<title>Impressum - VisiPlan<\/title>\n<meta name=\"description\" content=\"VisiFair - Ihr Partner f\u00fcr digitales Messe-Management. Anbieter des smarten Planungs- und Buchungssystems f\u00fcr Ordnung auf dem Messegel\u00e4nde.\" \/>\n<meta name=\"robots\" content=\"index, follow, max-snippet:-1, max-image-preview:large, max-video-preview:-1\" \/>\n<link rel=\"canonical\" href=\"https:\/\/www.visiplan.de\/en\/impressum\/\" \/>\n<meta property=\"og:locale\" content=\"en_US\" \/>\n<meta property=\"og:type\" content=\"article\" \/>\n<meta property=\"og:title\" content=\"Impressum - VisiPlan\" \/>\n<meta property=\"og:description\" content=\"VisiFair - Ihr Partner f\u00fcr digitales Messe-Management. Anbieter des smarten Planungs- und Buchungssystems f\u00fcr Ordnung auf dem Messegel\u00e4nde.\" \/>\n<meta property=\"og:url\" content=\"https:\/\/www.visiplan.de\/en\/impressum\/\" \/>\n<meta property=\"og:site_name\" content=\"VisiPlan\" \/>\n<meta property=\"article:modified_time\" content=\"2024-03-18T07:55:17+00:00\" \/>\n<meta name=\"twitter:card\" content=\"summary_large_image\" \/>\n<meta name=\"twitter:label1\" content=\"Est. reading time\" \/>\n\t<meta name=\"twitter:data1\" content=\"1 minute\" \/>\n<script type=\"application\/ld+json\" class=\"yoast-schema-graph\">{\"@context\":\"https:\\\/\\\/schema.org\",\"@graph\":[{\"@type\":\"WebPage\",\"@id\":\"https:\\\/\\\/www.visiplan.de\\\/impressum\\\/\",\"url\":\"https:\\\/\\\/www.visiplan.de\\\/impressum\\\/\",\"name\":\"Impressum - VisiPlan\",\"isPartOf\":{\"@id\":\"https:\\\/\\\/www.visiplan.de\\\/#website\"},\"datePublished\":\"2021-05-26T13:22:02+00:00\",\"dateModified\":\"2024-03-18T07:55:17+00:00\",\"description\":\"VisiFair - Ihr Partner f\u00fcr digitales Messe-Management. Anbieter des smarten Planungs- und Buchungssystems f\u00fcr Ordnung auf dem Messegel\u00e4nde.\",\"breadcrumb\":{\"@id\":\"https:\\\/\\\/www.visiplan.de\\\/impressum\\\/#breadcrumb\"},\"inLanguage\":\"en-US\",\"potentialAction\":[{\"@type\":\"ReadAction\",\"target\":[\"https:\\\/\\\/www.visiplan.de\\\/impressum\\\/\"]}]},{\"@type\":\"BreadcrumbList\",\"@id\":\"https:\\\/\\\/www.visiplan.de\\\/impressum\\\/#breadcrumb\",\"itemListElement\":[{\"@type\":\"ListItem\",\"position\":1,\"name\":\"Home\",\"item\":\"https:\\\/\\\/www.visiplan.de\\\/\"},{\"@type\":\"ListItem\",\"position\":2,\"name\":\"Impressum\"}]},{\"@type\":\"WebSite\",\"@id\":\"https:\\\/\\\/www.visiplan.de\\\/#website\",\"url\":\"https:\\\/\\\/www.visiplan.de\\\/\",\"name\":\"VisiPlan\",\"description\":\"Visualize your Plan\",\"publisher\":{\"@id\":\"https:\\\/\\\/www.visiplan.de\\\/#organization\"},\"potentialAction\":[{\"@type\":\"SearchAction\",\"target\":{\"@type\":\"EntryPoint\",\"urlTemplate\":\"https:\\\/\\\/www.visiplan.de\\\/?s={search_term_string}\"},\"query-input\":{\"@type\":\"PropertyValueSpecification\",\"valueRequired\":true,\"valueName\":\"search_term_string\"}}],\"inLanguage\":\"en-US\"},{\"@type\":\"Organization\",\"@id\":\"https:\\\/\\\/www.visiplan.de\\\/#organization\",\"name\":\"VisiFair.com\",\"url\":\"https:\\\/\\\/www.visiplan.de\\\/\",\"logo\":{\"@type\":\"ImageObject\",\"inLanguage\":\"en-US\",\"@id\":\"https:\\\/\\\/www.visiplan.de\\\/#\\\/schema\\\/logo\\\/image\\\/\",\"url\":\"https:\\\/\\\/www.visiplan.de\\\/wp-content\\\/uploads\\\/2021\\\/01\\\/cropped-visifair-logo-1.png\",\"contentUrl\":\"https:\\\/\\\/www.visiplan.de\\\/wp-content\\\/uploads\\\/2021\\\/01\\\/cropped-visifair-logo-1.png\",\"width\":458,\"height\":80,\"caption\":\"VisiFair.com\"},\"image\":{\"@id\":\"https:\\\/\\\/www.visiplan.de\\\/#\\\/schema\\\/logo\\\/image\\\/\"}}]}<\/script>\n<!-- \/ Yoast SEO plugin. -->","yoast_head_json":{"title":"Impressum - VisiPlan","description":"VisiFair - Ihr Partner f\u00fcr digitales Messe-Management. Anbieter des smarten Planungs- und Buchungssystems f\u00fcr Ordnung auf dem Messegel\u00e4nde.","robots":{"index":"index","follow":"follow","max-snippet":"max-snippet:-1","max-image-preview":"max-image-preview:large","max-video-preview":"max-video-preview:-1"},"canonical":"https:\/\/www.visiplan.de\/en\/impressum\/","og_locale":"en_US","og_type":"article","og_title":"Impressum - VisiPlan","og_description":"VisiFair - Ihr Partner f\u00fcr digitales Messe-Management. Anbieter des smarten Planungs- und Buchungssystems f\u00fcr Ordnung auf dem Messegel\u00e4nde.","og_url":"https:\/\/www.visiplan.de\/en\/impressum\/","og_site_name":"VisiPlan","article_modified_time":"2024-03-18T07:55:17+00:00","twitter_card":"summary_large_image","twitter_misc":{"Est. reading time":"1 minute"},"schema":{"@context":"https:\/\/schema.org","@graph":[{"@type":"WebPage","@id":"https:\/\/www.visiplan.de\/impressum\/","url":"https:\/\/www.visiplan.de\/impressum\/","name":"Impressum - VisiPlan","isPartOf":{"@id":"https:\/\/www.visiplan.de\/#website"},"datePublished":"2021-05-26T13:22:02+00:00","dateModified":"2024-03-18T07:55:17+00:00","description":"VisiFair - Ihr Partner f\u00fcr digitales Messe-Management. Anbieter des smarten Planungs- und Buchungssystems f\u00fcr Ordnung auf dem Messegel\u00e4nde.","breadcrumb":{"@id":"https:\/\/www.visiplan.de\/impressum\/#breadcrumb"},"inLanguage":"en-US","potentialAction":[{"@type":"ReadAction","target":["https:\/\/www.visiplan.de\/impressum\/"]}]},{"@type":"BreadcrumbList","@id":"https:\/\/www.visiplan.de\/impressum\/#breadcrumb","itemListElement":[{"@type":"ListItem","position":1,"name":"Home","item":"https:\/\/www.visiplan.de\/"},{"@type":"ListItem","position":2,"name":"Impressum"}]},{"@type":"WebSite","@id":"https:\/\/www.visiplan.de\/#website","url":"https:\/\/www.visiplan.de\/","name":"VisiPlan","description":"Visualize your Plan","publisher":{"@id":"https:\/\/www.visiplan.de\/#organization"},"potentialAction":[{"@type":"SearchAction","target":{"@type":"EntryPoint","urlTemplate":"https:\/\/www.visiplan.de\/?s={search_term_string}"},"query-input":{"@type":"PropertyValueSpecification","valueRequired":true,"valueName":"search_term_string"}}],"inLanguage":"en-US"},{"@type":"Organization","@id":"https:\/\/www.visiplan.de\/#organization","name":"VisiFair.com","url":"https:\/\/www.visiplan.de\/","logo":{"@type":"ImageObject","inLanguage":"en-US","@id":"https:\/\/www.visiplan.de\/#\/schema\/logo\/image\/","url":"https:\/\/www.visiplan.de\/wp-content\/uploads\/2021\/01\/cropped-visifair-logo-1.png","contentUrl":"https:\/\/www.visiplan.de\/wp-content\/uploads\/2021\/01\/cropped-visifair-logo-1.png","width":458,"height":80,"caption":"VisiFair.com"},"image":{"@id":"https:\/\/www.visiplan.de\/#\/schema\/logo\/image\/"}}]}},"_links":{"self":[{"href":"https:\/\/www.visiplan.de\/en\/wp-json\/wp\/v2\/pages\/489","targetHints":{"allow":["GET"]}}],"collection":[{"href":"https:\/\/www.visiplan.de\/en\/wp-json\/wp\/v2\/pages"}],"about":[{"href":"https:\/\/www.visiplan.de\/en\/wp-json\/wp\/v2\/types\/page"}],"author":[{"embeddable":true,"href":"https:\/\/www.visiplan.de\/en\/wp-json\/wp\/v2\/users\/1"}],"replies":[{"embeddable":true,"href":"https:\/\/www.visiplan.de\/en\/wp-json\/wp\/v2\/comments?post=489"}],"version-history":[{"count":60,"href":"https:\/\/www.visiplan.de\/en\/wp-json\/wp\/v2\/pages\/489\/revisions"}],"predecessor-version":[{"id":2949,"href":"https:\/\/www.visiplan.de\/en\/wp-json\/wp\/v2\/pages\/489\/revisions\/2949"}],"wp:attachment":[{"href":"https:\/\/www.visiplan.de\/en\/wp-json\/wp\/v2\/media?parent=489"}],"curies":[{"name":"wp","href":"https:\/\/api.w.org\/{rel}","templated":true}]}}